{"id":13,"date":"2020-05-10T15:15:36","date_gmt":"2020-05-10T13:15:36","guid":{"rendered":"http:\/\/mariajana.solutions\/?page_id=13"},"modified":"2022-02-07T16:35:36","modified_gmt":"2022-02-07T15:35:36","slug":"meine-leistungen","status":"publish","type":"page","link":"https:\/\/mariajana.solutions\/en\/meine-leistungen\/","title":{"rendered":"My Solutions"},"content":{"rendered":"<h5 style=\"text-align: center;\"><strong>Allround solutions online &amp; offline<\/strong><\/h5>\n<p>My \"solutions\" include the following multi-services:<\/p>\n<ul>\n<li style=\"text-align: left;\"><a href=\"https:\/\/mariajana.solutions\/en\/marketing\/\" target=\"_blank\" rel=\"noopener\">Marketing<\/a><\/li>\n<li style=\"text-align: left;\"><a href=\"https:\/\/mariajana.solutions\/en\/beratung\/\" target=\"_blank\" rel=\"noopener\">Consulting<\/a><\/li>\n<li><a href=\"https:\/\/mariajana.solutions\/en\/meine-leistungen\/organisation\/\" target=\"_blank\" rel=\"noopener\">General organisation<\/a><\/li>\n<li style=\"text-align: left;\"><a href=\"https:\/\/mariajana.solutions\/en\/meine-leistungen\/eventmanagement\/\" target=\"_blank\" rel=\"noopener\">Eventmanagement <\/a><\/li>\n<li style=\"text-align: left;\"><a href=\"https:\/\/mariajana.solutions\/en\/mallorca\/\" target=\"_blank\" rel=\"noopener\">Mallorca<\/a>, starting, developing and finding what you search?<\/li>\n<li style=\"text-align: left;\"><a href=\"https:\/\/mariajana.solutions\/en\/meine-leistungen\/photographie\/\" target=\"_blank\" rel=\"noopener\">Photography<\/a><\/li>\n<\/ul>\n<p>My services are aimed at companies, self-employed people (autonomos) and private clients. I work trilingually (DE\/EN\/ES), project-based, independently and reliably.<\/p>\n<h6 style=\"text-align: center;\"><strong>My solutions: Suitable for whom?<\/strong><\/h6>\n<p>Thanks to my <strong>several years of living &amp; working experience in Mallorca,<\/strong> I successfully offer my services to larger companies (SL), small\/medium businesses, as well as self-employed (autonomos) and private clients. <strong>Why work with a freelancer?<\/strong> Whether it's marketing or other project work: do you not have your own department for a certain area or do you only want to work together on a project basis without having to employ someone on a permanent basis or handing over the workload to existing staff? This is where I come in: with individual solutions, all <strong>marketing-related tasks and other projects<\/strong> can be \"<strong>outsourced<\/strong>\" to me, which allows you to concentrate on your core business. This saves time and is a good investment in your growth!<\/p>\n<p>My personal philosophy: <strong>everyone should be allowed to live up to his or her strengths<\/strong>.<\/p>\n<p>To put it simply: if you don't have time for something, or you don't have the know-how\/the right motivation and you are not an autodidact, then I would be happy to take on the tasks listed above for you. Or ask me with your requests, I am very curious about challenges! Get to know me without obligation - as a passionate trouble-shooter, it pleases me when I work to <strong>find and offer ideal solutions to your challenges<\/strong>.<\/p>\n<h6 style=\"text-align: center;\"><strong>Which services do I offer?<\/strong><\/h6>\n<p>I quickly had the courage to start my <strong>self-employment in Mallorca<\/strong> a few years ago and since then I have been offering <strong>individually tailored solutions in the online\/offline world<\/strong> for various brands and individuals: ranging from <strong>social media management<\/strong>, to <strong>website optimization<\/strong>, no difference if it is <strong>content<\/strong> and\/or <strong>SEO<\/strong> related, <strong>blogging<\/strong>, translations (GER\/EN\/ES),<strong> branding and marketing<\/strong>, implementing of new <strong>marketing strategies<\/strong> after prior analysis, etc. Beyond this part of the \"nerd\", I enjoy to plan <strong>exceptional events in Mallorca <\/strong> in cooperation with selected service providers and agencies for special customers and to <strong>organize them<\/strong>. Due to the pandemic, I have meanwhile specialised in small, <strong>exclusive happenings:<\/strong> be it a picnic on the beach, a special outdoor experience with animals (horses, dogs, alpacas, etc.), or a marriage proposal in magical places.<\/p>\n<p>Exciting for me is to have created an all-round interface for my projects, passion and further development, both online and offline. I am grateful to all the people who have trusted in my expertise so far and so proud of what we have built together. Thus, I have already gained valuable experience in various sectors: <strong>Dog training, recreational activities, tourism (hotel, restaurant), event management, wedding planning, art<\/strong>...every profession has its peculiarities, and to present these with an<strong> attractive appearance<\/strong> is what I support. Thinking up strategies is vital, implementing them successfully into reality is the challenge. For both my clients and myself <strong>discretion, loyalty, transparency<\/strong> and <strong>mutual respect<\/strong> are the <strong>basics of a successful cooperation<\/strong>. Due to my open, empathic, innovative and determined nature I have been able to master all challenges entrusted to me.<\/p>\n<h6 style=\"text-align: center;\"><strong>My accomplishments so far<br \/>\n<\/strong><\/h6>\n<p>My <strong>professional and cultural background<\/strong> combined with collected <strong>expertise and contacts<\/strong> enables me to offer these services. I would like to particularly emphasise the focus on my international <strong>practical experiences<\/strong>, even if my <strong>two university degrees<\/strong> surely paved the way. Nevertheless, we know that theory and practice often drift apart and I tend to count myself among the \"doers\". After completing my Master's degree in Cultural Studies at the University of Passau in Bavaria, I decided, contrary to the attractive career opportunities in Germany, to pursue a <strong>life in Majorca<\/strong>. Exotic solutions far away from the mainstream have always suited me. Now I have used this to my advantage and expanded my know-how in various areas such as the comprehensive <strong>organisation, (online) marketing<\/strong>, <strong>eventmanagement<\/strong> in the tourism and event business. Here I can look back on successful cooperation work with renowned <strong>wedding and event planning agencies in Mallorca <\/strong>who do offer <strong>private events<\/strong> and <strong>business events,<\/strong> too.<\/p>\n<h6 style=\"text-align: center;\"><strong>Do you want to work together on your PROJECT?<br \/>\n<\/strong><\/h6>\n<p>For new projects please contact me. <strong>Together we evaluate<\/strong> which solution we can develop and implement for you with my professional and personal background.<\/p>\n<p style=\"text-align: center;\"><strong>I am eager &amp; looking forward to it!<\/strong><\/p>\n<p style=\"text-align: center;\"><a href=\"https:\/\/mariajana.solutions\/en\/mehr-von-mir\/\" target=\"_blank\" rel=\"noopener\">Here<\/a> more of me.<\/p>","protected":false},"excerpt":{"rendered":"<p>Allround-L\u00f6sungen in der online &amp; offline Welt Meine &#8222;solutions&#8220; umfassen folgende Multi-Services: Marketing Beratung Allgemeine Organisation Eventmanagement Mallorca, wie starten, was aufbauen und wo findet man was man sucht? Photographie Mein Angebot richtet sich an Unternehmen, Selbstst\u00e4ndige (autonomos) und Privatpersonen. Ich arbeite dreisprachig (DE\/EN\/ES), projektbasiert, eigenst\u00e4ndig und zuverl\u00e4ssig. Meine L\u00f6sungen:<\/p>\n<div class=\"belowpost\"><a class=\"btnmore icon-arrow\" href=\"https:\/\/mariajana.solutions\/en\/meine-leistungen\/\"><span>Read More<\/span><\/a><\/div>","protected":false},"author":1,"featured_media":134,"parent":0,"menu_order":0,"comment_status":"closed","ping_status":"closed","template":"","meta":[],"yoast_head":"<!-- This site is optimized with the Yoast SEO plugin v20.9 - https:\/\/yoast.com\/wordpress\/plugins\/seo\/ -->\n<title>Meine Leistungen - Maria Jana<\/title>\n<meta name=\"description\" content=\"Marketing L\u00f6sungen und Veranstaltungsplanung auf Mallorca: Social Media Beratung und Management, Content Bearbeitung, SEO Analysen und Eventmanagement.\" \/>\n<meta name=\"robots\" content=\"index, follow, max-snippet:-1, max-image-preview:large, max-video-preview:-1\" \/>\n<link rel=\"canonical\" href=\"https:\/\/mariajana.solutions\/en\/meine-leistungen\/\" \/>\n<meta property=\"og:locale\" content=\"en_GB\" \/>\n<meta property=\"og:type\" content=\"article\" \/>\n<meta property=\"og:title\" content=\"Meine Leistungen - Maria Jana\" \/>\n<meta property=\"og:description\" content=\"Marketing L\u00f6sungen und Veranstaltungsplanung auf Mallorca: Social Media Beratung und Management, Content Bearbeitung, SEO Analysen und Eventmanagement.\" \/>\n<meta property=\"og:url\" content=\"https:\/\/mariajana.solutions\/en\/meine-leistungen\/\" \/>\n<meta property=\"og:site_name\" content=\"Maria Jana\" \/>\n<meta property=\"article:modified_time\" content=\"2022-02-07T15:35:36+00:00\" \/>\n<meta property=\"og:image\" content=\"https:\/\/mariajana.solutions\/wp-content\/uploads\/2020\/05\/MJ_Leistungen.jpg\" \/>\n\t<meta property=\"og:image:width\" content=\"2000\" \/>\n\t<meta property=\"og:image:height\" content=\"1000\" \/>\n\t<meta property=\"og:image:type\" content=\"image\/jpeg\" \/>\n<meta name=\"twitter:card\" content=\"summary_large_image\" \/>\n<meta name=\"twitter:label1\" content=\"Estimated reading time\" \/>\n\t<meta name=\"twitter:data1\" content=\"4 minutes\" \/>\n<script type=\"application\/ld+json\" class=\"yoast-schema-graph\">{\"@context\":\"https:\/\/schema.org\",\"@graph\":[{\"@type\":\"WebPage\",\"@id\":\"https:\/\/mariajana.solutions\/meine-leistungen\/\",\"url\":\"https:\/\/mariajana.solutions\/meine-leistungen\/\",\"name\":\"Meine Leistungen - Maria Jana\",\"isPartOf\":{\"@id\":\"https:\/\/mariajana.solutions\/#website\"},\"datePublished\":\"2020-05-10T13:15:36+00:00\",\"dateModified\":\"2022-02-07T15:35:36+00:00\",\"description\":\"Marketing L\u00f6sungen und Veranstaltungsplanung auf Mallorca: Social Media Beratung und Management, Content Bearbeitung, SEO Analysen und Eventmanagement.\",\"breadcrumb\":{\"@id\":\"https:\/\/mariajana.solutions\/meine-leistungen\/#breadcrumb\"},\"inLanguage\":\"en-GB\",\"potentialAction\":[{\"@type\":\"ReadAction\",\"target\":[\"https:\/\/mariajana.solutions\/meine-leistungen\/\"]}]},{\"@type\":\"BreadcrumbList\",\"@id\":\"https:\/\/mariajana.solutions\/meine-leistungen\/#breadcrumb\",\"itemListElement\":[{\"@type\":\"ListItem\",\"position\":1,\"name\":\"Startseite\",\"item\":\"https:\/\/mariajana.solutions\/\"},{\"@type\":\"ListItem\",\"position\":2,\"name\":\"Meine Leistungen\"}]},{\"@type\":\"WebSite\",\"@id\":\"https:\/\/mariajana.solutions\/#website\",\"url\":\"https:\/\/mariajana.solutions\/\",\"name\":\"Maria Jana\",\"description\":\"\",\"potentialAction\":[{\"@type\":\"SearchAction\",\"target\":{\"@type\":\"EntryPoint\",\"urlTemplate\":\"https:\/\/mariajana.solutions\/?s={search_term_string}\"},\"query-input\":\"required name=search_term_string\"}],\"inLanguage\":\"en-GB\"}]}<\/script>\n<!-- \/ Yoast SEO plugin. -->","yoast_head_json":{"title":"Meine Leistungen - Maria Jana","description":"Marketing L\u00f6sungen und Veranstaltungsplanung auf Mallorca: Social Media Beratung und Management, Content Bearbeitung, SEO Analysen und Eventmanagement.","robots":{"index":"index","follow":"follow","max-snippet":"max-snippet:-1","max-image-preview":"max-image-preview:large","max-video-preview":"max-video-preview:-1"},"canonical":"https:\/\/mariajana.solutions\/en\/meine-leistungen\/","og_locale":"en_GB","og_type":"article","og_title":"Meine Leistungen - Maria Jana","og_description":"Marketing L\u00f6sungen und Veranstaltungsplanung auf Mallorca: Social Media Beratung und Management, Content Bearbeitung, SEO Analysen und Eventmanagement.","og_url":"https:\/\/mariajana.solutions\/en\/meine-leistungen\/","og_site_name":"Maria Jana","article_modified_time":"2022-02-07T15:35:36+00:00","og_image":[{"width":2000,"height":1000,"url":"https:\/\/mariajana.solutions\/wp-content\/uploads\/2020\/05\/MJ_Leistungen.jpg","type":"image\/jpeg"}],"twitter_card":"summary_large_image","twitter_misc":{"Estimated reading time":"4 minutes"},"schema":{"@context":"https:\/\/schema.org","@graph":[{"@type":"WebPage","@id":"https:\/\/mariajana.solutions\/meine-leistungen\/","url":"https:\/\/mariajana.solutions\/meine-leistungen\/","name":"Meine Leistungen - Maria Jana","isPartOf":{"@id":"https:\/\/mariajana.solutions\/#website"},"datePublished":"2020-05-10T13:15:36+00:00","dateModified":"2022-02-07T15:35:36+00:00","description":"Marketing L\u00f6sungen und Veranstaltungsplanung auf Mallorca: Social Media Beratung und Management, Content Bearbeitung, SEO Analysen und Eventmanagement.","breadcrumb":{"@id":"https:\/\/mariajana.solutions\/meine-leistungen\/#breadcrumb"},"inLanguage":"en-GB","potentialAction":[{"@type":"ReadAction","target":["https:\/\/mariajana.solutions\/meine-leistungen\/"]}]},{"@type":"BreadcrumbList","@id":"https:\/\/mariajana.solutions\/meine-leistungen\/#breadcrumb","itemListElement":[{"@type":"ListItem","position":1,"name":"Startseite","item":"https:\/\/mariajana.solutions\/"},{"@type":"ListItem","position":2,"name":"Meine Leistungen"}]},{"@type":"WebSite","@id":"https:\/\/mariajana.solutions\/#website","url":"https:\/\/mariajana.solutions\/","name":"Maria Jana","description":"","potentialAction":[{"@type":"SearchAction","target":{"@type":"EntryPoint","urlTemplate":"https:\/\/mariajana.solutions\/?s={search_term_string}"},"query-input":"required name=search_term_string"}],"inLanguage":"en-GB"}]}},"_links":{"self":[{"href":"https:\/\/mariajana.solutions\/en\/wp-json\/wp\/v2\/pages\/13"}],"collection":[{"href":"https:\/\/mariajana.solutions\/en\/wp-json\/wp\/v2\/pages"}],"about":[{"href":"https:\/\/mariajana.solutions\/en\/wp-json\/wp\/v2\/types\/page"}],"author":[{"embeddable":true,"href":"https:\/\/mariajana.solutions\/en\/wp-json\/wp\/v2\/users\/1"}],"replies":[{"embeddable":true,"href":"https:\/\/mariajana.solutions\/en\/wp-json\/wp\/v2\/comments?post=13"}],"version-history":[{"count":48,"href":"https:\/\/mariajana.solutions\/en\/wp-json\/wp\/v2\/pages\/13\/revisions"}],"predecessor-version":[{"id":548,"href":"https:\/\/mariajana.solutions\/en\/wp-json\/wp\/v2\/pages\/13\/revisions\/548"}],"wp:featuredmedia":[{"embeddable":true,"href":"https:\/\/mariajana.solutions\/en\/wp-json\/wp\/v2\/media\/134"}],"wp:attachment":[{"href":"https:\/\/mariajana.solutions\/en\/wp-json\/wp\/v2\/media?parent=13"}],"curies":[{"name":"wp","href":"https:\/\/api.w.org\/{rel}","templated":true}]}}