{"id":321,"date":"2022-01-25T17:58:47","date_gmt":"2022-01-25T16:58:47","guid":{"rendered":"https:\/\/mariajana.solutions\/?page_id=321"},"modified":"2022-02-07T22:02:34","modified_gmt":"2022-02-07T21:02:34","slug":"eventmanagement","status":"publish","type":"page","link":"https:\/\/mariajana.solutions\/en\/eventmanagement\/","title":{"rendered":"Eventmanagement"},"content":{"rendered":"<h2 class=\"has-text-align-center wp-block-heading\" id=\"zelebrieren-erleben-geniessen\">Celebrate, experience &amp; enjoy<\/h2>\n\n\n\n<p>Perfect for events of all kinds: the Balearic Islands! I have successfully planned and implemented wonderful events of all sizes on Mallorca on behalf of renowned event agencies. But not only that, because I like to explore the Balearic Islands myself and have a few insider tips when it comes to gastronomy, locations, excursions and organise small happenings on request, which I have focused on due to the pandemic. I also like the exclusive character of a nice, familiar get-together and work on it with heart: private cooking, a picnic on the beach at sunset, a marriage proposal in the middle of Mallorcan nature, private excursions with guides... <strong>Mallorca for all the senses. <\/strong><\/p>\n\n\n\n<p>Only solutions\u2026<a href=\"https:\/\/mariajana.solutions\/en\/meine-leistungen\/\" target=\"_blank\" rel=\"noreferrer noopener\">additional services<\/a>.<\/p>\n\n\n<style>.kt-blocks-testimonials-wrap_dd0fbe-87 .kt-svg-testimonial-global-icon{font-size:30px;}.kt-blocks-testimonials-wrap_dd0fbe-87 .kt-testimonial-item-0 .kt-svg-testimonial-icon{color:#555555;font-size:50px;}.kt-blocks-testimonials-wrap_dd0fbe-87 .kt-testimonial-rating-wrap{margin-top:10px;margin-right:0px;margin-bottom:10px;margin-left:0px;}.kt-blocks-testimonials-wrap_dd0fbe-87 .kt-testimonial-rating-wrap .kb-svg-icon-wrap{color:#ffd700;font-size:16px;}.kt-blocks-testimonials-wrap_dd0fbe-87 .kt-testimonial-grid-wrap{gap:var(--global-kb-gap-md, 2rem);}.kt-blocks-testimonials-wrap_dd0fbe-87 .kt-testimonial-item-wrap .kt-testimonial-text-wrap{padding-top:20px;padding-right:20px;padding-bottom:20px;padding-left:20px;}.kt-blocks-testimonials-wrap_dd0fbe-87 .kt-testimonial-item-wrap .kt-testimonial-title{margin-top:0px;margin-right:0px;margin-bottom:15px;margin-left:0px;}.kt-blocks-testimonials-wrap_dd0fbe-87 .kt-testimonial-occupation{font-size:15px;}.kt-blocks-testimonials-wrap_dd0fbe-87 .kt-testimonial-item-wrap{max-width:500px;}.kt-blocks-testimonials-wrap_dd0fbe-87 .kt-testimonial-item-wrap .kt-testimonial-text-wrap{max-width:500px;}.kt-blocks-testimonials-wrap_dd0fbe-87 .kt-testimonial-media-inner-wrap{width:60px;}.kt-blocks-testimonials-wrap_dd0fbe-87 .kt-svg-testimonial-icon{justify-content:center;align-items:center;}@media all and (max-width: 767px){.kt-blocks-testimonials-wrap_dd0fbe-87{padding-top:px;padding-bottom:px;margin-top:px;margin-bottom:px;}}<\/style>\n<div class=\"wp-block-kadence-testimonials kt-testimonial-halign-center kt-testimonial-style-inlineimage kt-testimonials-media-on kt-testimonials-icon-off kt-testimonial-columns-1 kt-t-xxl-col-1 kt-t-xl-col-1 kt-t-lg-col-1 kt-t-md-col-1 kt-t-sm-col-1 kt-t-xs-col-1 kt-blocks-testimonials-wrap_dd0fbe-87\"><div class=\"kt-testimonial-grid-wrap\" style=\"grid-row-gap:30px;grid-column-gap:30px\"><div class=\"kt-testimonial-item-wrap kt-testimonial-item-0\" style=\"max-width:500px\"><div class=\"kt-testimonial-text-wrap\" style=\"border-color:#eeeeee;padding-top:20px;padding-right:20px;padding-bottom:20px;padding-left:20px\"><div class=\"kt-testimonial-media-wrap\"><div class=\"kt-testimonial-media-inner-wrap\" style=\"width:60px;border-color:#555555;border-width:0px 0px 0px 0px;padding:0px 0px 0px 0px\"><div class=\"kadence-testimonial-image-intrisic\"><div class=\"kt-testimonial-image\" style=\"background-image:url('https:\/\/mariajana.solutions\/wp-content\/uploads\/2022\/02\/WhatsApp-Image-2022-02-04-at-21.07.19-e1644005313847-150x150.jpeg')\"><\/div><\/div><\/div><\/div><div class=\"kt-testimonial-title-wrap\"><h2 class=\"kt-testimonial-title\">Simply magical<\/h2><\/div><div class=\"kt-testimonial-content-wrap\"><div class=\"kt-testimonial-content\">&#8222;<em>Maria, you managed to arrange an unforgettable birthday for us with a picnic on the beach under a starry sky! You offered us vegan Italian delicacies in a romantic atmosphere. You managed to bring our family a little bit closer, THANK YOU!<\/em>&#8222;<\/div><\/div><\/div><div class=\"kt-testimonial-meta-wrap\"><div class=\"kt-testimonial-meta-name-wrap\"><div class=\"kt-testimonial-name-wrap\"><div class=\"kt-testimonial-name\">Caroline<\/div><\/div><div class=\"kt-testimonial-occupation-wrap\"><div class=\"kt-testimonial-occupation\"><\/div><\/div><\/div><\/div><\/div><\/div><\/div>\n\n\n<style>.wp-block-kadence-advancedgallery.kb-gallery-wrap-id-_f75c8a-30{overflow:hidden;}.kb-gallery-type-carousel.kb-gallery-id-_f75c8a-30 .kt-blocks-carousel .kt-blocks-carousel-init{margin:0 -5px;}.kb-gallery-type-carousel.kb-gallery-id-_f75c8a-30 .kt-blocks-carousel .kt-blocks-carousel-init .kb-slide-item{padding:4px 5px;}.kb-gallery-type-carousel.kb-gallery-id-_f75c8a-30 .kt-blocks-carousel .kt-blocks-carousel-init .slick-prev{left:5px;}.kb-gallery-type-carousel.kb-gallery-id-_f75c8a-30 .kt-blocks-carousel .kt-blocks-carousel-init .slick-next{right:5px;}.kb-gallery-id-_f75c8a-30 .kadence-blocks-gallery-item .kb-gal-image-radius{border-radius:0px 0px 0px 0px;}<\/style>\n<div class=\"wp-block-kadence-advancedgallery kb-gallery-wrap-id-_f75c8a-30\"><div class=\"kb-gallery-ul kb-gallery-type-carousel kb-gallery-id-_f75c8a-30 kb-gallery-caption-style-bottom-hover kb-gallery-filter-none kb-gallery-magnific-init\" data-image-filter=\"none\" data-lightbox-caption=\"true\"><div class=\"kt-blocks-carousel kt-carousel-container-dotstyle-dark\"><div class=\"kt-blocks-carousel-init kb-gallery-carousel kt-carousel-arrowstyle-whiteondark kt-carousel-dotstyle-dark\" data-columns-xxl=\"3\" data-columns-xl=\"3\" data-columns-md=\"3\" data-columns-sm=\"2\" data-columns-xs=\"1\" data-columns-ss=\"1\" data-slider-anim-speed=\"400\" data-slider-scroll=\"1\" data-slider-arrows=\"true\" data-slider-dots=\"true\" data-slider-hover-pause=\"false\" data-slider-auto=\"false\" data-slider-speed=\"7000\"><div class=\"kb-slide-item kb-gallery-carousel-item\"><div class=\"kadence-blocks-gallery-item\"><div class=\"kadence-blocks-gallery-item-inner\"><figure class=\"kb-gallery-figure kb-gallery-item-has-link kadence-blocks-gallery-item-hide-caption kb-has-image-ratio-land32\"><a href=\"https:\/\/mariajana.solutions\/wp-content\/uploads\/2022\/02\/wedding-majorca-rings.jpg\" class=\"kb-gallery-item-link\"><div class=\"kb-gal-image-radius\"><div class=\"kb-gallery-image-contain kadence-blocks-gallery-intrinsic kb-gallery-image-ratio-land32\"><img decoding=\"async\" loading=\"lazy\" src=\"https:\/\/mariajana.solutions\/wp-content\/uploads\/2022\/02\/wedding-majorca-rings-794x1024.jpg\" width=\"794\" height=\"1024\" alt=\"\" data-full-image=\"https:\/\/mariajana.solutions\/wp-content\/uploads\/2022\/02\/wedding-majorca-rings.jpg\" data-light-image=\"https:\/\/mariajana.solutions\/wp-content\/uploads\/2022\/02\/wedding-majorca-rings.jpg\" data-id=\"590\" data-link=\"https:\/\/mariajana.solutions\/photographie\/wedding-majorca-rings\/\" class=\"wp-image-590 skip-lazy\" srcset=\"https:\/\/mariajana.solutions\/wp-content\/uploads\/2022\/02\/wedding-majorca-rings-794x1024.jpg 794w, https:\/\/mariajana.solutions\/wp-content\/uploads\/2022\/02\/wedding-majorca-rings-233x300.jpg 233w, https:\/\/mariajana.solutions\/wp-content\/uploads\/2022\/02\/wedding-majorca-rings-768x991.jpg 768w, https:\/\/mariajana.solutions\/wp-content\/uploads\/2022\/02\/wedding-majorca-rings-1191x1536.jpg 1191w, https:\/\/mariajana.solutions\/wp-content\/uploads\/2022\/02\/wedding-majorca-rings-9x12.jpg 9w, https:\/\/mariajana.solutions\/wp-content\/uploads\/2022\/02\/wedding-majorca-rings.jpg 1200w\" sizes=\"(max-width: 794px) 100vw, 794px\" \/><\/div><\/div><\/a><\/figure><\/div><\/div><\/div><div class=\"kb-slide-item kb-gallery-carousel-item\"><div class=\"kadence-blocks-gallery-item\"><div class=\"kadence-blocks-gallery-item-inner\"><figure class=\"kb-gallery-figure kb-gallery-item-has-link kadence-blocks-gallery-item-hide-caption kb-has-image-ratio-land32\"><a href=\"https:\/\/mariajana.solutions\/wp-content\/uploads\/2022\/02\/dessert-mallorca-foto.jpg\" class=\"kb-gallery-item-link\"><div class=\"kb-gal-image-radius\"><div class=\"kb-gallery-image-contain kadence-blocks-gallery-intrinsic kb-gallery-image-ratio-land32\"><img decoding=\"async\" loading=\"lazy\" src=\"https:\/\/mariajana.solutions\/wp-content\/uploads\/2022\/02\/dessert-mallorca-foto-768x1024.jpg\" width=\"768\" height=\"1024\" alt=\"\" data-full-image=\"https:\/\/mariajana.solutions\/wp-content\/uploads\/2022\/02\/dessert-mallorca-foto.jpg\" data-light-image=\"https:\/\/mariajana.solutions\/wp-content\/uploads\/2022\/02\/dessert-mallorca-foto.jpg\" data-id=\"571\" data-link=\"https:\/\/mariajana.solutions\/dessert-mallorca-foto\/\" class=\"wp-image-571 skip-lazy\" srcset=\"https:\/\/mariajana.solutions\/wp-content\/uploads\/2022\/02\/dessert-mallorca-foto-768x1024.jpg 768w, https:\/\/mariajana.solutions\/wp-content\/uploads\/2022\/02\/dessert-mallorca-foto-225x300.jpg 225w, https:\/\/mariajana.solutions\/wp-content\/uploads\/2022\/02\/dessert-mallorca-foto-1152x1536.jpg 1152w, https:\/\/mariajana.solutions\/wp-content\/uploads\/2022\/02\/dessert-mallorca-foto-9x12.jpg 9w, https:\/\/mariajana.solutions\/wp-content\/uploads\/2022\/02\/dessert-mallorca-foto.jpg 1200w\" sizes=\"(max-width: 768px) 100vw, 768px\" \/><\/div><\/div><\/a><\/figure><\/div><\/div><\/div><div class=\"kb-slide-item kb-gallery-carousel-item\"><div class=\"kadence-blocks-gallery-item\"><div class=\"kadence-blocks-gallery-item-inner\"><figure class=\"kb-gallery-figure kb-gallery-item-has-link kadence-blocks-gallery-item-hide-caption kb-has-image-ratio-land32\"><a href=\"https:\/\/mariajana.solutions\/wp-content\/uploads\/2022\/02\/20220206_134738-rotated.jpg\" class=\"kb-gallery-item-link\"><div class=\"kb-gal-image-radius\"><div class=\"kb-gallery-image-contain kadence-blocks-gallery-intrinsic kb-gallery-image-ratio-land32\"><img decoding=\"async\" loading=\"lazy\" src=\"https:\/\/mariajana.solutions\/wp-content\/uploads\/2022\/02\/20220206_134738-768x1024.jpg\" width=\"768\" height=\"1024\" alt=\"\" data-full-image=\"https:\/\/mariajana.solutions\/wp-content\/uploads\/2022\/02\/20220206_134738-rotated.jpg\" data-light-image=\"https:\/\/mariajana.solutions\/wp-content\/uploads\/2022\/02\/20220206_134738-rotated.jpg\" data-id=\"569\" data-link=\"https:\/\/mariajana.solutions\/20220206_134738\/\" class=\"wp-image-569 skip-lazy\" srcset=\"https:\/\/mariajana.solutions\/wp-content\/uploads\/2022\/02\/20220206_134738-768x1024.jpg 768w, https:\/\/mariajana.solutions\/wp-content\/uploads\/2022\/02\/20220206_134738-225x300.jpg 225w, https:\/\/mariajana.solutions\/wp-content\/uploads\/2022\/02\/20220206_134738-1152x1536.jpg 1152w, https:\/\/mariajana.solutions\/wp-content\/uploads\/2022\/02\/20220206_134738-9x12.jpg 9w, https:\/\/mariajana.solutions\/wp-content\/uploads\/2022\/02\/20220206_134738-rotated.jpg 1200w\" sizes=\"(max-width: 768px) 100vw, 768px\" \/><\/div><\/div><\/a><\/figure><\/div><\/div><\/div><div class=\"kb-slide-item kb-gallery-carousel-item\"><div class=\"kadence-blocks-gallery-item\"><div class=\"kadence-blocks-gallery-item-inner\"><figure class=\"kb-gallery-figure kb-gallery-item-has-link kadence-blocks-gallery-item-hide-caption kb-has-image-ratio-land32\"><a href=\"https:\/\/mariajana.solutions\/wp-content\/uploads\/2022\/02\/wein-meeresfruechte-mallorca-food.jpg\" class=\"kb-gallery-item-link\"><div class=\"kb-gal-image-radius\"><div class=\"kb-gallery-image-contain kadence-blocks-gallery-intrinsic kb-gallery-image-ratio-land32\"><img decoding=\"async\" loading=\"lazy\" src=\"https:\/\/mariajana.solutions\/wp-content\/uploads\/2022\/02\/wein-meeresfruechte-mallorca-food-576x1024.jpg\" width=\"576\" height=\"1024\" alt=\"\" data-full-image=\"https:\/\/mariajana.solutions\/wp-content\/uploads\/2022\/02\/wein-meeresfruechte-mallorca-food.jpg\" data-light-image=\"https:\/\/mariajana.solutions\/wp-content\/uploads\/2022\/02\/wein-meeresfruechte-mallorca-food.jpg\" data-id=\"589\" data-link=\"https:\/\/mariajana.solutions\/wein-meeresfruechte-mallorca-food\/\" class=\"wp-image-589 skip-lazy\" srcset=\"https:\/\/mariajana.solutions\/wp-content\/uploads\/2022\/02\/wein-meeresfruechte-mallorca-food-576x1024.jpg 576w, https:\/\/mariajana.solutions\/wp-content\/uploads\/2022\/02\/wein-meeresfruechte-mallorca-food-169x300.jpg 169w, https:\/\/mariajana.solutions\/wp-content\/uploads\/2022\/02\/wein-meeresfruechte-mallorca-food-768x1365.jpg 768w, https:\/\/mariajana.solutions\/wp-content\/uploads\/2022\/02\/wein-meeresfruechte-mallorca-food-864x1536.jpg 864w, https:\/\/mariajana.solutions\/wp-content\/uploads\/2022\/02\/wein-meeresfruechte-mallorca-food-1152x2048.jpg 1152w, https:\/\/mariajana.solutions\/wp-content\/uploads\/2022\/02\/wein-meeresfruechte-mallorca-food-7x12.jpg 7w, https:\/\/mariajana.solutions\/wp-content\/uploads\/2022\/02\/wein-meeresfruechte-mallorca-food.jpg 1200w\" sizes=\"(max-width: 576px) 100vw, 576px\" \/><\/div><\/div><\/a><\/figure><\/div><\/div><\/div><\/div><\/div><\/div><\/div>","protected":false},"excerpt":{"rendered":"<p>Zelebrieren, erleben &amp; genie\u00dfen Perfekt f\u00fcr Events jeder Art: die Balearen! Auf Mallorca habe ich im Auftrag mit renommierten Eventagenturen erfolgreich wundersch\u00f6ne Veranstaltungen jeder Gr\u00f6\u00dfe planen und umsetzen d\u00fcrfen. Doch nicht nur das, denn ich selbst erkunde gern die balearischen Inseln und habe den ein oder anderen Geheimtipp beim Thema<\/p>\n<div class=\"belowpost\"><a class=\"btnmore icon-arrow\" href=\"https:\/\/mariajana.solutions\/en\/eventmanagement\/\"><span>Read More<\/span><\/a><\/div>","protected":false},"author":1,"featured_media":0,"parent":0,"menu_order":3,"comment_status":"closed","ping_status":"closed","template":"","meta":[],"yoast_head":"<!-- This site is optimized with the Yoast SEO plugin v20.9 - https:\/\/yoast.com\/wordpress\/plugins\/seo\/ -->\n<title>Eventmanagement - Maria Jana<\/title>\n<meta name=\"robots\" content=\"index, follow, max-snippet:-1, max-image-preview:large, max-video-preview:-1\" \/>\n<link rel=\"canonical\" href=\"https:\/\/mariajana.solutions\/en\/eventmanagement\/\" \/>\n<meta property=\"og:locale\" content=\"en_GB\" \/>\n<meta property=\"og:type\" content=\"article\" \/>\n<meta property=\"og:title\" content=\"Eventmanagement - Maria Jana\" \/>\n<meta property=\"og:description\" content=\"Zelebrieren, erleben &amp; genie\u00dfen Perfekt f\u00fcr Events jeder Art: die Balearen! Auf Mallorca habe ich im Auftrag mit renommierten Eventagenturen erfolgreich wundersch\u00f6ne Veranstaltungen jeder Gr\u00f6\u00dfe planen und umsetzen d\u00fcrfen. Doch nicht nur das, denn ich selbst erkunde gern die balearischen Inseln und habe den ein oder anderen Geheimtipp beim ThemaRead More\" \/>\n<meta property=\"og:url\" content=\"https:\/\/mariajana.solutions\/en\/eventmanagement\/\" \/>\n<meta property=\"og:site_name\" content=\"Maria Jana\" \/>\n<meta property=\"article:modified_time\" content=\"2022-02-07T21:02:34+00:00\" \/>\n<meta property=\"og:image\" content=\"https:\/\/mariajana.solutions\/wp-content\/uploads\/2022\/02\/wedding-majorca-rings-794x1024.jpg\" \/>\n<meta name=\"twitter:card\" content=\"summary_large_image\" \/>\n<meta name=\"twitter:label1\" content=\"Estimated reading time\" \/>\n\t<meta name=\"twitter:data1\" content=\"2 minutes\" \/>\n<script type=\"application\/ld+json\" class=\"yoast-schema-graph\">{\"@context\":\"https:\/\/schema.org\",\"@graph\":[{\"@type\":\"WebPage\",\"@id\":\"https:\/\/mariajana.solutions\/eventmanagement\/\",\"url\":\"https:\/\/mariajana.solutions\/eventmanagement\/\",\"name\":\"Eventmanagement - Maria Jana\",\"isPartOf\":{\"@id\":\"https:\/\/mariajana.solutions\/#website\"},\"datePublished\":\"2022-01-25T16:58:47+00:00\",\"dateModified\":\"2022-02-07T21:02:34+00:00\",\"breadcrumb\":{\"@id\":\"https:\/\/mariajana.solutions\/eventmanagement\/#breadcrumb\"},\"inLanguage\":\"en-GB\",\"potentialAction\":[{\"@type\":\"ReadAction\",\"target\":[\"https:\/\/mariajana.solutions\/eventmanagement\/\"]}]},{\"@type\":\"BreadcrumbList\",\"@id\":\"https:\/\/mariajana.solutions\/eventmanagement\/#breadcrumb\",\"itemListElement\":[{\"@type\":\"ListItem\",\"position\":1,\"name\":\"Startseite\",\"item\":\"https:\/\/mariajana.solutions\/\"},{\"@type\":\"ListItem\",\"position\":2,\"name\":\"Eventmanagement\"}]},{\"@type\":\"WebSite\",\"@id\":\"https:\/\/mariajana.solutions\/#website\",\"url\":\"https:\/\/mariajana.solutions\/\",\"name\":\"Maria Jana\",\"description\":\"\",\"potentialAction\":[{\"@type\":\"SearchAction\",\"target\":{\"@type\":\"EntryPoint\",\"urlTemplate\":\"https:\/\/mariajana.solutions\/?s={search_term_string}\"},\"query-input\":\"required name=search_term_string\"}],\"inLanguage\":\"en-GB\"}]}<\/script>\n<!-- \/ Yoast SEO plugin. -->","yoast_head_json":{"title":"Eventmanagement - Maria Jana","robots":{"index":"index","follow":"follow","max-snippet":"max-snippet:-1","max-image-preview":"max-image-preview:large","max-video-preview":"max-video-preview:-1"},"canonical":"https:\/\/mariajana.solutions\/en\/eventmanagement\/","og_locale":"en_GB","og_type":"article","og_title":"Eventmanagement - Maria Jana","og_description":"Zelebrieren, erleben &amp; genie\u00dfen Perfekt f\u00fcr Events jeder Art: die Balearen! Auf Mallorca habe ich im Auftrag mit renommierten Eventagenturen erfolgreich wundersch\u00f6ne Veranstaltungen jeder Gr\u00f6\u00dfe planen und umsetzen d\u00fcrfen. Doch nicht nur das, denn ich selbst erkunde gern die balearischen Inseln und habe den ein oder anderen Geheimtipp beim ThemaRead More","og_url":"https:\/\/mariajana.solutions\/en\/eventmanagement\/","og_site_name":"Maria Jana","article_modified_time":"2022-02-07T21:02:34+00:00","og_image":[{"url":"https:\/\/mariajana.solutions\/wp-content\/uploads\/2022\/02\/wedding-majorca-rings-794x1024.jpg"}],"twitter_card":"summary_large_image","twitter_misc":{"Estimated reading time":"2 minutes"},"schema":{"@context":"https:\/\/schema.org","@graph":[{"@type":"WebPage","@id":"https:\/\/mariajana.solutions\/eventmanagement\/","url":"https:\/\/mariajana.solutions\/eventmanagement\/","name":"Eventmanagement - Maria Jana","isPartOf":{"@id":"https:\/\/mariajana.solutions\/#website"},"datePublished":"2022-01-25T16:58:47+00:00","dateModified":"2022-02-07T21:02:34+00:00","breadcrumb":{"@id":"https:\/\/mariajana.solutions\/eventmanagement\/#breadcrumb"},"inLanguage":"en-GB","potentialAction":[{"@type":"ReadAction","target":["https:\/\/mariajana.solutions\/eventmanagement\/"]}]},{"@type":"BreadcrumbList","@id":"https:\/\/mariajana.solutions\/eventmanagement\/#breadcrumb","itemListElement":[{"@type":"ListItem","position":1,"name":"Startseite","item":"https:\/\/mariajana.solutions\/"},{"@type":"ListItem","position":2,"name":"Eventmanagement"}]},{"@type":"WebSite","@id":"https:\/\/mariajana.solutions\/#website","url":"https:\/\/mariajana.solutions\/","name":"Maria Jana","description":"","potentialAction":[{"@type":"SearchAction","target":{"@type":"EntryPoint","urlTemplate":"https:\/\/mariajana.solutions\/?s={search_term_string}"},"query-input":"required name=search_term_string"}],"inLanguage":"en-GB"}]}},"_links":{"self":[{"href":"https:\/\/mariajana.solutions\/en\/wp-json\/wp\/v2\/pages\/321"}],"collection":[{"href":"https:\/\/mariajana.solutions\/en\/wp-json\/wp\/v2\/pages"}],"about":[{"href":"https:\/\/mariajana.solutions\/en\/wp-json\/wp\/v2\/types\/page"}],"author":[{"embeddable":true,"href":"https:\/\/mariajana.solutions\/en\/wp-json\/wp\/v2\/users\/1"}],"replies":[{"embeddable":true,"href":"https:\/\/mariajana.solutions\/en\/wp-json\/wp\/v2\/comments?post=321"}],"version-history":[{"count":10,"href":"https:\/\/mariajana.solutions\/en\/wp-json\/wp\/v2\/pages\/321\/revisions"}],"predecessor-version":[{"id":605,"href":"https:\/\/mariajana.solutions\/en\/wp-json\/wp\/v2\/pages\/321\/revisions\/605"}],"wp:attachment":[{"href":"https:\/\/mariajana.solutions\/en\/wp-json\/wp\/v2\/media?parent=321"}],"curies":[{"name":"wp","href":"https:\/\/api.w.org\/{rel}","templated":true}]}}