{"id":323,"date":"2022-01-25T17:59:26","date_gmt":"2022-01-25T16:59:26","guid":{"rendered":"https:\/\/mariajana.solutions\/?page_id=323"},"modified":"2022-02-07T21:15:52","modified_gmt":"2022-02-07T20:15:52","slug":"organisation","status":"publish","type":"page","link":"https:\/\/mariajana.solutions\/en\/organisation\/","title":{"rendered":"Organisation"},"content":{"rendered":"<h2 class=\"has-text-align-center wp-block-heading\" id=\"ist-alles\">...is key?<\/h2>\n\n\n\n<p>Well, at least very important, in order to be able to enjoy the big picture. You are welcome to entrust me with the effort for this. How good and safe can it feel to entrust someone completely with your to-do's and to sit back or devote yourself to other work?<br>I organise, coordinate and structure for as long as I can remember - I look forward to your assignments! <\/p>\n\n\n\n<ul><li>everything that has to do with planning: projects, deadlines<\/li><li>Optimisations: Processes, applications<\/li><li>Communication: by telephone, in writing, on site and as an interface, consolidation<\/li><li>Administration, also as a virtual assistant: researches, tasks, coordination of various orders and workloads (on the Internet)<\/li><\/ul>\n\n\n\n<p>If you don't find what you're looking for, feel free to contact me, I am passionate about new things! Or are you just looking for a <a href=\"https:\/\/mariajana.solutions\/en\/beratung\/\" target=\"_blank\" rel=\"noreferrer noopener\">Consulting<\/a>?<br><br>Only solutions\u2026<a href=\"https:\/\/mariajana.solutions\/en\/meine-leistungen\/\" target=\"_blank\" rel=\"noreferrer noopener\">additional services<\/a>.<\/p>\n\n\n\n<div class=\"wp-block-columns is-layout-flex wp-container-7\">\n<div class=\"wp-block-column is-layout-flow\" style=\"flex-basis:100%\">\n<div class=\"wp-block-columns is-layout-flex wp-container-5\">\n<div class=\"wp-block-column is-layout-flow\" style=\"flex-basis:100%\">\n<div class=\"wp-block-columns is-layout-flex wp-container-3\">\n<div class=\"wp-block-column is-layout-flow\" style=\"flex-basis:100%\">\n<div class=\"wp-block-group is-layout-flow\"><div class=\"wp-block-group__inner-container\"><style>.kt-blocks-testimonials-wrap_8bcc64-c0 .kt-svg-testimonial-global-icon{font-size:30px;}.kt-blocks-testimonials-wrap_8bcc64-c0 .kt-testimonial-item-0 .kt-svg-testimonial-icon{color:#555555;font-size:50px;}.kt-blocks-testimonials-wrap_8bcc64-c0 .kt-testimonial-rating-wrap{margin-top:10px;margin-right:0px;margin-bottom:10px;margin-left:0px;}.kt-blocks-testimonials-wrap_8bcc64-c0 .kt-testimonial-rating-wrap .kb-svg-icon-wrap{color:#ffd700;font-size:16px;}.kt-blocks-testimonials-wrap_8bcc64-c0 .kt-testimonial-grid-wrap{gap:var(--global-kb-gap-md, 2rem);}.kt-blocks-testimonials-wrap_8bcc64-c0 .kt-testimonial-item-wrap .kt-testimonial-text-wrap{padding-top:20px;padding-right:20px;padding-bottom:20px;padding-left:20px;}.kt-blocks-testimonials-wrap_8bcc64-c0 .kt-testimonial-item-wrap .kt-testimonial-title{margin-top:0px;margin-right:0px;margin-bottom:15px;margin-left:0px;}.kt-blocks-testimonials-wrap_8bcc64-c0 .kt-testimonial-occupation{font-size:15px;}.kt-blocks-testimonials-wrap_8bcc64-c0 .kt-testimonial-item-wrap{max-width:500px;}.kt-blocks-testimonials-wrap_8bcc64-c0 .kt-testimonial-item-wrap .kt-testimonial-text-wrap{max-width:500px;}.kt-blocks-testimonials-wrap_8bcc64-c0 .kt-testimonial-media-inner-wrap{width:60px;}.kt-blocks-testimonials-wrap_8bcc64-c0 .kt-svg-testimonial-icon{justify-content:center;align-items:center;}@media all and (max-width: 767px){.kt-blocks-testimonials-wrap_8bcc64-c0{padding-top:px;padding-bottom:px;margin-top:px;margin-bottom:px;}}<\/style>\n<div class=\"wp-block-kadence-testimonials kt-testimonial-halign-center kt-testimonial-style-bubble kt-testimonials-media-on kt-testimonials-icon-off kt-testimonial-columns-1 kt-t-xxl-col-1 kt-t-xl-col-1 kt-t-lg-col-1 kt-t-md-col-1 kt-t-sm-col-1 kt-t-xs-col-1 kt-blocks-testimonials-wrap_8bcc64-c0\"><div class=\"kt-testimonial-grid-wrap\" style=\"grid-row-gap:30px;grid-column-gap:30px\"><div class=\"kt-testimonial-item-wrap kt-testimonial-item-0\" style=\"max-width:500px\"><div class=\"kt-testimonial-text-wrap\" style=\"border-color:#eeeeee;padding-top:20px;padding-right:20px;padding-bottom:20px;padding-left:20px\"><div class=\"kt-testimonial-title-wrap\"><h2 class=\"kt-testimonial-title\">#solutions<\/h2><\/div><div class=\"kt-testimonial-content-wrap\"><div class=\"kt-testimonial-content\"><em><em>\"I've worked with you several times now and I'm always impressed not only by your broad knowledge, but especially by your eye for the big and small things! I actually find it hard to hand over tasks, but with you I just know it will be better than if I do it myself - and that's really rare these days!\"<\/em><\/em><\/div><\/div><\/div><div class=\"kt-testimonial-meta-wrap\"><div class=\"kt-testimonial-media-wrap\"><div class=\"kt-testimonial-media-inner-wrap\" style=\"width:60px;border-color:#555555;border-width:0px 0px 0px 0px;padding:0px 0px 0px 0px\"><div class=\"kadence-testimonial-image-intrisic\"><div class=\"kt-testimonial-image\" style=\"background-image:url('https:\/\/mariajana.solutions\/wp-content\/uploads\/2022\/02\/angenommen-volles-logo-transparent-150x150.png')\"><\/div><\/div><\/div><\/div><div class=\"kt-testimonial-meta-name-wrap\"><div class=\"kt-testimonial-name-wrap\"><div class=\"kt-testimonial-name\">Anne Strau\u00df, www.angenommen-praxis.de<\/div><\/div><div class=\"kt-testimonial-occupation-wrap\"><div class=\"kt-testimonial-occupation\"><\/div><\/div><\/div><\/div><\/div><\/div><\/div>\n\n\n<style>.kt-blocks-testimonials-wrap_0b988c-98 .kt-svg-testimonial-global-icon{font-size:30px;}.kt-blocks-testimonials-wrap_0b988c-98 .kt-testimonial-item-0 .kt-svg-testimonial-icon{color:#555555;font-size:50px;}.kt-blocks-testimonials-wrap_0b988c-98 .kt-testimonial-rating-wrap{margin-top:10px;margin-right:0px;margin-bottom:10px;margin-left:0px;}.kt-blocks-testimonials-wrap_0b988c-98 .kt-testimonial-rating-wrap .kb-svg-icon-wrap{color:#ffd700;font-size:16px;}.kt-blocks-testimonials-wrap_0b988c-98 .kt-testimonial-grid-wrap{gap:var(--global-kb-gap-md, 2rem);}.kt-blocks-testimonials-wrap_0b988c-98 .kt-testimonial-item-wrap .kt-testimonial-text-wrap{padding-top:20px;padding-right:20px;padding-bottom:20px;padding-left:20px;}.kt-blocks-testimonials-wrap_0b988c-98 .kt-testimonial-item-wrap .kt-testimonial-title{margin-top:0px;margin-right:0px;margin-bottom:15px;margin-left:0px;}.kt-blocks-testimonials-wrap_0b988c-98 .kt-testimonial-occupation{font-size:15px;}.kt-blocks-testimonials-wrap_0b988c-98 .kt-testimonial-item-wrap{max-width:500px;}.kt-blocks-testimonials-wrap_0b988c-98 .kt-testimonial-item-wrap .kt-testimonial-text-wrap{max-width:500px;}.kt-blocks-testimonials-wrap_0b988c-98 .kt-testimonial-media-inner-wrap{width:60px;}.kt-blocks-testimonials-wrap_0b988c-98 .kt-svg-testimonial-icon{justify-content:center;align-items:center;}@media all and (max-width: 767px){.kt-blocks-testimonials-wrap_0b988c-98{padding-top:px;padding-bottom:px;margin-top:px;margin-bottom:px;}}<\/style>\n<div class=\"wp-block-kadence-testimonials kt-testimonial-halign-center kt-testimonial-style-bubble kt-testimonials-media-on kt-testimonials-icon-off kt-testimonial-columns-1 kt-t-xxl-col-1 kt-t-xl-col-1 kt-t-lg-col-1 kt-t-md-col-1 kt-t-sm-col-1 kt-t-xs-col-1 kt-blocks-testimonials-wrap_0b988c-98\"><div class=\"kt-testimonial-grid-wrap\" style=\"grid-row-gap:30px;grid-column-gap:30px\"><div class=\"kt-testimonial-item-wrap kt-testimonial-item-0\" style=\"max-width:500px\"><div class=\"kt-testimonial-text-wrap\" style=\"border-color:#eeeeee;padding-top:20px;padding-right:20px;padding-bottom:20px;padding-left:20px\"><div class=\"kt-testimonial-title-wrap\"><h2 class=\"kt-testimonial-title\">#solutions<\/h2><\/div><div class=\"kt-testimonial-content-wrap\"><div class=\"kt-testimonial-content\"><em><em>&#8222;<em>I have been living in Mallorca for a few years and unfortunately I am not able to organise my everyday life here on the island due to my time and language deficit: Maria accompanied me in all bureaucratic matters and even helped me with the organisation of buying a house. She helped me to organise the renovation and everything that goes with it: changes and registrations, communication, supervision and follow-up. Thank you!<\/em>&#8222;<\/em><\/em><\/div><\/div><\/div><div class=\"kt-testimonial-meta-wrap\"><div class=\"kt-testimonial-media-wrap\"><div class=\"kt-testimonial-media-inner-wrap\" style=\"width:60px;border-color:#555555;border-width:0px 0px 0px 0px;padding:0px 0px 0px 0px\"><div class=\"kadence-testimonial-image-intrisic\"><div class=\"kt-testimonial-image\" style=\"background-image:url('https:\/\/mariajana.solutions\/wp-content\/uploads\/2022\/01\/MJ-Logo-transparent-150x150.png')\"><\/div><\/div><\/div><\/div><div class=\"kt-testimonial-meta-name-wrap\"><div class=\"kt-testimonial-name-wrap\"><div class=\"kt-testimonial-name\">Katharina<\/div><\/div><div class=\"kt-testimonial-occupation-wrap\"><div class=\"kt-testimonial-occupation\">Finca acquisition &amp; daily organisation<\/div><\/div><\/div><\/div><\/div><\/div><\/div>\n<\/div><\/div>\n<\/div>\n<\/div>\n<\/div>\n<\/div>\n<\/div>\n<\/div>","protected":false},"excerpt":{"rendered":"<p>&#8230;Ist alles? Nun ja, zumindest sehr wichtig, um dann das gro\u00dfe Ganze genie\u00dfen zu k\u00f6nnen. Den Aufwand daf\u00fcr d\u00fcrft Ihr mir gern anvertrauen. Wie gut und sicher kann es sich anf\u00fchlen, wenn man jemandem komplett seine to-do&#8217;s verantworten und sich zur\u00fccklehnen bzw. sich anderen Arbeiten widmen kann?Ich organisiere, koordiniere und<\/p>\n<div class=\"belowpost\"><a class=\"btnmore icon-arrow\" href=\"https:\/\/mariajana.solutions\/en\/organisation\/\"><span>Read More<\/span><\/a><\/div>","protected":false},"author":1,"featured_media":0,"parent":0,"menu_order":4,"comment_status":"closed","ping_status":"closed","template":"","meta":[],"yoast_head":"<!-- This site is optimized with the Yoast SEO plugin v20.9 - https:\/\/yoast.com\/wordpress\/plugins\/seo\/ -->\n<title>Organisation - Maria Jana<\/title>\n<meta name=\"robots\" content=\"index, follow, max-snippet:-1, max-image-preview:large, max-video-preview:-1\" \/>\n<link rel=\"canonical\" href=\"https:\/\/mariajana.solutions\/en\/organisation\/\" \/>\n<meta property=\"og:locale\" content=\"en_GB\" \/>\n<meta property=\"og:type\" content=\"article\" \/>\n<meta property=\"og:title\" content=\"Organisation - Maria Jana\" \/>\n<meta property=\"og:description\" content=\"&#8230;Ist alles? Nun ja, zumindest sehr wichtig, um dann das gro\u00dfe Ganze genie\u00dfen zu k\u00f6nnen. Den Aufwand daf\u00fcr d\u00fcrft Ihr mir gern anvertrauen. Wie gut und sicher kann es sich anf\u00fchlen, wenn man jemandem komplett seine to-do&#8217;s verantworten und sich zur\u00fccklehnen bzw. sich anderen Arbeiten widmen kann?Ich organisiere, koordiniere undRead More\" \/>\n<meta property=\"og:url\" content=\"https:\/\/mariajana.solutions\/en\/organisation\/\" \/>\n<meta property=\"og:site_name\" content=\"Maria Jana\" \/>\n<meta property=\"article:modified_time\" content=\"2022-02-07T20:15:52+00:00\" \/>\n<meta name=\"twitter:card\" content=\"summary_large_image\" \/>\n<meta name=\"twitter:label1\" content=\"Estimated reading time\" \/>\n\t<meta name=\"twitter:data1\" content=\"2 minutes\" \/>\n<script type=\"application\/ld+json\" class=\"yoast-schema-graph\">{\"@context\":\"https:\/\/schema.org\",\"@graph\":[{\"@type\":\"WebPage\",\"@id\":\"https:\/\/mariajana.solutions\/organisation\/\",\"url\":\"https:\/\/mariajana.solutions\/organisation\/\",\"name\":\"Organisation - Maria Jana\",\"isPartOf\":{\"@id\":\"https:\/\/mariajana.solutions\/#website\"},\"datePublished\":\"2022-01-25T16:59:26+00:00\",\"dateModified\":\"2022-02-07T20:15:52+00:00\",\"breadcrumb\":{\"@id\":\"https:\/\/mariajana.solutions\/organisation\/#breadcrumb\"},\"inLanguage\":\"en-GB\",\"potentialAction\":[{\"@type\":\"ReadAction\",\"target\":[\"https:\/\/mariajana.solutions\/organisation\/\"]}]},{\"@type\":\"BreadcrumbList\",\"@id\":\"https:\/\/mariajana.solutions\/organisation\/#breadcrumb\",\"itemListElement\":[{\"@type\":\"ListItem\",\"position\":1,\"name\":\"Startseite\",\"item\":\"https:\/\/mariajana.solutions\/\"},{\"@type\":\"ListItem\",\"position\":2,\"name\":\"Organisation\"}]},{\"@type\":\"WebSite\",\"@id\":\"https:\/\/mariajana.solutions\/#website\",\"url\":\"https:\/\/mariajana.solutions\/\",\"name\":\"Maria Jana\",\"description\":\"\",\"potentialAction\":[{\"@type\":\"SearchAction\",\"target\":{\"@type\":\"EntryPoint\",\"urlTemplate\":\"https:\/\/mariajana.solutions\/?s={search_term_string}\"},\"query-input\":\"required name=search_term_string\"}],\"inLanguage\":\"en-GB\"}]}<\/script>\n<!-- \/ Yoast SEO plugin. -->","yoast_head_json":{"title":"Organisation - Maria Jana","robots":{"index":"index","follow":"follow","max-snippet":"max-snippet:-1","max-image-preview":"max-image-preview:large","max-video-preview":"max-video-preview:-1"},"canonical":"https:\/\/mariajana.solutions\/en\/organisation\/","og_locale":"en_GB","og_type":"article","og_title":"Organisation - Maria Jana","og_description":"&#8230;Ist alles? Nun ja, zumindest sehr wichtig, um dann das gro\u00dfe Ganze genie\u00dfen zu k\u00f6nnen. Den Aufwand daf\u00fcr d\u00fcrft Ihr mir gern anvertrauen. Wie gut und sicher kann es sich anf\u00fchlen, wenn man jemandem komplett seine to-do&#8217;s verantworten und sich zur\u00fccklehnen bzw. sich anderen Arbeiten widmen kann?Ich organisiere, koordiniere undRead More","og_url":"https:\/\/mariajana.solutions\/en\/organisation\/","og_site_name":"Maria Jana","article_modified_time":"2022-02-07T20:15:52+00:00","twitter_card":"summary_large_image","twitter_misc":{"Estimated reading time":"2 minutes"},"schema":{"@context":"https:\/\/schema.org","@graph":[{"@type":"WebPage","@id":"https:\/\/mariajana.solutions\/organisation\/","url":"https:\/\/mariajana.solutions\/organisation\/","name":"Organisation - Maria Jana","isPartOf":{"@id":"https:\/\/mariajana.solutions\/#website"},"datePublished":"2022-01-25T16:59:26+00:00","dateModified":"2022-02-07T20:15:52+00:00","breadcrumb":{"@id":"https:\/\/mariajana.solutions\/organisation\/#breadcrumb"},"inLanguage":"en-GB","potentialAction":[{"@type":"ReadAction","target":["https:\/\/mariajana.solutions\/organisation\/"]}]},{"@type":"BreadcrumbList","@id":"https:\/\/mariajana.solutions\/organisation\/#breadcrumb","itemListElement":[{"@type":"ListItem","position":1,"name":"Startseite","item":"https:\/\/mariajana.solutions\/"},{"@type":"ListItem","position":2,"name":"Organisation"}]},{"@type":"WebSite","@id":"https:\/\/mariajana.solutions\/#website","url":"https:\/\/mariajana.solutions\/","name":"Maria Jana","description":"","potentialAction":[{"@type":"SearchAction","target":{"@type":"EntryPoint","urlTemplate":"https:\/\/mariajana.solutions\/?s={search_term_string}"},"query-input":"required name=search_term_string"}],"inLanguage":"en-GB"}]}},"_links":{"self":[{"href":"https:\/\/mariajana.solutions\/en\/wp-json\/wp\/v2\/pages\/323"}],"collection":[{"href":"https:\/\/mariajana.solutions\/en\/wp-json\/wp\/v2\/pages"}],"about":[{"href":"https:\/\/mariajana.solutions\/en\/wp-json\/wp\/v2\/types\/page"}],"author":[{"embeddable":true,"href":"https:\/\/mariajana.solutions\/en\/wp-json\/wp\/v2\/users\/1"}],"replies":[{"embeddable":true,"href":"https:\/\/mariajana.solutions\/en\/wp-json\/wp\/v2\/comments?post=323"}],"version-history":[{"count":15,"href":"https:\/\/mariajana.solutions\/en\/wp-json\/wp\/v2\/pages\/323\/revisions"}],"predecessor-version":[{"id":565,"href":"https:\/\/mariajana.solutions\/en\/wp-json\/wp\/v2\/pages\/323\/revisions\/565"}],"wp:attachment":[{"href":"https:\/\/mariajana.solutions\/en\/wp-json\/wp\/v2\/media?parent=323"}],"curies":[{"name":"wp","href":"https:\/\/api.w.org\/{rel}","templated":true}]}}